{"id":146,"date":"2020-08-26T10:37:06","date_gmt":"2020-08-26T08:37:06","guid":{"rendered":"http:\/\/mertin.myds.me\/wordpress\/?page_id=146"},"modified":"2020-08-26T10:38:50","modified_gmt":"2020-08-26T08:38:50","slug":"wolle","status":"publish","type":"page","link":"http:\/\/mertin.myds.me\/wordpress\/wolle\/","title":{"rendered":"Wolle"},"content":{"rendered":"\n<p>Unsere Tiere werden j\u00e4hrlich Mitte Mai professionell geschoren. <\/p>\n\n\n\n<p>Die geschorenen Vliese sind zusammenh\u00e4ngend, teils vorgefilzt, teils lose.<\/p>\n\n\n\n<p>Bei der Schur gibt es Wollreste, die als D\u00fcnger f\u00fcr den Gem\u00fcseanbau verwendet werden k\u00f6nnen.<\/p>\n\n\n\n<p><\/p>\n\n\n\n<p>Bei Interesse schreiben Sie uns eine kurze Nachricht oder rufen Sie uns bitte an. <\/p>\n\n\n\n<p>Versandt ist m\u00f6glich. Wir versenden auch nach \u00d6sterreich und in die Schweiz. <\/p>\n","protected":false},"excerpt":{"rendered":"<p>Unsere Tiere werden j\u00e4hrlich Mitte Mai professionell geschoren. Die geschorenen Vliese sind zusammenh\u00e4ngend, teils vorgefilzt, teils lose. Bei der Schur gibt es Wollreste, die als D\u00fcnger f\u00fcr den Gem\u00fcseanbau verwendet werden k\u00f6nnen. Bei Interesse schreiben Sie uns eine kurze Nachricht oder rufen Sie uns bitte an. Versandt ist m\u00f6glich. Wir versenden auch nach \u00d6sterreich und &hellip; <\/p>\n<p class=\"link-more\"><a href=\"http:\/\/mertin.myds.me\/wordpress\/wolle\/\" class=\"more-link\"><span class=\"screen-reader-text\">\u201eWolle\u201c<\/span> weiterlesen<\/a><\/p>\n","protected":false},"author":1,"featured_media":148,"parent":0,"menu_order":0,"comment_status":"closed","ping_status":"closed","template":"","meta":[],"_links":{"self":[{"href":"http:\/\/mertin.myds.me\/wordpress\/wp-json\/wp\/v2\/pages\/146"}],"collection":[{"href":"http:\/\/mertin.myds.me\/wordpress\/wp-json\/wp\/v2\/pages"}],"about":[{"href":"http:\/\/mertin.myds.me\/wordpress\/wp-json\/wp\/v2\/types\/page"}],"author":[{"embeddable":true,"href":"http:\/\/mertin.myds.me\/wordpress\/wp-json\/wp\/v2\/users\/1"}],"replies":[{"embeddable":true,"href":"http:\/\/mertin.myds.me\/wordpress\/wp-json\/wp\/v2\/comments?post=146"}],"version-history":[{"count":1,"href":"http:\/\/mertin.myds.me\/wordpress\/wp-json\/wp\/v2\/pages\/146\/revisions"}],"predecessor-version":[{"id":147,"href":"http:\/\/mertin.myds.me\/wordpress\/wp-json\/wp\/v2\/pages\/146\/revisions\/147"}],"wp:featuredmedia":[{"embeddable":true,"href":"http:\/\/mertin.myds.me\/wordpress\/wp-json\/wp\/v2\/media\/148"}],"wp:attachment":[{"href":"http:\/\/mertin.myds.me\/wordpress\/wp-json\/wp\/v2\/media?parent=146"}],"curies":[{"name":"wp","href":"https:\/\/api.w.org\/{rel}","templated":true}]}}