{"id":181,"date":"2023-02-28T16:18:19","date_gmt":"2023-02-28T15:18:19","guid":{"rendered":"http:\/\/mertin.myds.me\/wordpress\/?page_id=181"},"modified":"2023-02-28T16:18:19","modified_gmt":"2023-02-28T15:18:19","slug":"schafwollpellets","status":"publish","type":"page","link":"http:\/\/mertin.myds.me\/wordpress\/schafwollpellets\/","title":{"rendered":"Schafwollpellets"},"content":{"rendered":"\n<p>Aus unserer Schurwolle stellen wir au\u00dferdem Schafwollpellets her, v\u00f6llig frei von Zus\u00e4tze und somit rein biologisch. Diese dienen als Langzeitd\u00fcnger mit perfektem Wasserspeicher f\u00fcr Obst- Gem\u00fcse- und Bl\u00fchpflanzen. <\/p>\n\n\n\n<p>Bei Interesse an unseren Schafwollpellets melden Sie sich gerne bei uns damit wir Ihnen ein Angebot machen k\u00f6nnen. <\/p>\n\n\n\n<p><\/p>\n","protected":false},"excerpt":{"rendered":"<p>Aus unserer Schurwolle stellen wir au\u00dferdem Schafwollpellets her, v\u00f6llig frei von Zus\u00e4tze und somit rein biologisch. Diese dienen als Langzeitd\u00fcnger mit perfektem Wasserspeicher f\u00fcr Obst- Gem\u00fcse- und Bl\u00fchpflanzen. Bei Interesse an unseren Schafwollpellets melden Sie sich gerne bei uns damit wir Ihnen ein Angebot machen k\u00f6nnen.<\/p>\n","protected":false},"author":1,"featured_media":0,"parent":0,"menu_order":0,"comment_status":"closed","ping_status":"closed","template":"","meta":[],"_links":{"self":[{"href":"http:\/\/mertin.myds.me\/wordpress\/wp-json\/wp\/v2\/pages\/181"}],"collection":[{"href":"http:\/\/mertin.myds.me\/wordpress\/wp-json\/wp\/v2\/pages"}],"about":[{"href":"http:\/\/mertin.myds.me\/wordpress\/wp-json\/wp\/v2\/types\/page"}],"author":[{"embeddable":true,"href":"http:\/\/mertin.myds.me\/wordpress\/wp-json\/wp\/v2\/users\/1"}],"replies":[{"embeddable":true,"href":"http:\/\/mertin.myds.me\/wordpress\/wp-json\/wp\/v2\/comments?post=181"}],"version-history":[{"count":3,"href":"http:\/\/mertin.myds.me\/wordpress\/wp-json\/wp\/v2\/pages\/181\/revisions"}],"predecessor-version":[{"id":185,"href":"http:\/\/mertin.myds.me\/wordpress\/wp-json\/wp\/v2\/pages\/181\/revisions\/185"}],"wp:attachment":[{"href":"http:\/\/mertin.myds.me\/wordpress\/wp-json\/wp\/v2\/media?parent=181"}],"curies":[{"name":"wp","href":"https:\/\/api.w.org\/{rel}","templated":true}]}}