{"id":25,"date":"2019-03-10T16:17:00","date_gmt":"2019-03-10T15:17:00","guid":{"rendered":"http:\/\/mertin.myds.me\/wordpress\/?page_id=25"},"modified":"2023-02-28T16:24:33","modified_gmt":"2023-02-28T15:24:33","slug":"landschaftspflege","status":"publish","type":"page","link":"http:\/\/mertin.myds.me\/wordpress\/landschaftspflege\/","title":{"rendered":"Landschaftspflege"},"content":{"rendered":"<p>Bei der Landschaftspflege machen die Schnucken einen tollen Job. Sie sind beim Futter nicht w\u00e4hlerisch und daher gute &#8222;Fresser&#8220;. Auch Geh\u00f6lz wird gerne von ihnen verbissen.<\/p>\n<p>Neben der Beweidung von Streuobstwiesen, die meist in Privatbesitz sind, arbeiten wir mit Firmen, St\u00e4dten, Gemeinden und Landrats\u00e4mtern zusammen und beweiden au\u00dferdem Biotope in Landschafts- und Naturschutzgebieten, Regenr\u00fcckhaltebecken, Feuchtfl\u00e4chen und einen Solarpark.<\/p>\n","protected":false},"excerpt":{"rendered":"<p>Bei der Landschaftspflege machen die Schnucken einen tollen Job. Sie sind beim Futter nicht w\u00e4hlerisch und daher gute &#8222;Fresser&#8220;. Auch Geh\u00f6lz wird gerne von ihnen verbissen. Neben der Beweidung von Streuobstwiesen, die meist in Privatbesitz sind, arbeiten wir mit Firmen, St\u00e4dten, Gemeinden und Landrats\u00e4mtern zusammen und beweiden au\u00dferdem Biotope in Landschafts- und Naturschutzgebieten, Regenr\u00fcckhaltebecken, Feuchtfl\u00e4chen &hellip; <\/p>\n<p class=\"link-more\"><a href=\"http:\/\/mertin.myds.me\/wordpress\/landschaftspflege\/\" class=\"more-link\"><span class=\"screen-reader-text\">\u201eLandschaftspflege\u201c<\/span> weiterlesen<\/a><\/p>\n","protected":false},"author":1,"featured_media":94,"parent":0,"menu_order":0,"comment_status":"closed","ping_status":"closed","template":"","meta":[],"_links":{"self":[{"href":"http:\/\/mertin.myds.me\/wordpress\/wp-json\/wp\/v2\/pages\/25"}],"collection":[{"href":"http:\/\/mertin.myds.me\/wordpress\/wp-json\/wp\/v2\/pages"}],"about":[{"href":"http:\/\/mertin.myds.me\/wordpress\/wp-json\/wp\/v2\/types\/page"}],"author":[{"embeddable":true,"href":"http:\/\/mertin.myds.me\/wordpress\/wp-json\/wp\/v2\/users\/1"}],"replies":[{"embeddable":true,"href":"http:\/\/mertin.myds.me\/wordpress\/wp-json\/wp\/v2\/comments?post=25"}],"version-history":[{"count":7,"href":"http:\/\/mertin.myds.me\/wordpress\/wp-json\/wp\/v2\/pages\/25\/revisions"}],"predecessor-version":[{"id":188,"href":"http:\/\/mertin.myds.me\/wordpress\/wp-json\/wp\/v2\/pages\/25\/revisions\/188"}],"wp:featuredmedia":[{"embeddable":true,"href":"http:\/\/mertin.myds.me\/wordpress\/wp-json\/wp\/v2\/media\/94"}],"wp:attachment":[{"href":"http:\/\/mertin.myds.me\/wordpress\/wp-json\/wp\/v2\/media?parent=25"}],"curies":[{"name":"wp","href":"https:\/\/api.w.org\/{rel}","templated":true}]}}