{"id":60,"date":"2019-03-10T16:42:44","date_gmt":"2019-03-10T15:42:44","guid":{"rendered":"http:\/\/mertin.myds.me\/wordpress\/?page_id=60"},"modified":"2020-08-26T08:17:33","modified_gmt":"2020-08-26T06:17:33","slug":"willkommen","status":"publish","type":"page","link":"http:\/\/mertin.myds.me\/wordpress\/","title":{"rendered":"HERZLICH WILLKOMMEN"},"content":{"rendered":"<p>auf der Website von Stephan und Daniela Mertin.<\/p>\n<p>Wir freuen uns, dass Sie sich f\u00fcr unsere Moorschnuckenzucht interessieren und w\u00fcnschen Ihnen viel Spa\u00df beim lesen.<\/p>\n","protected":false},"excerpt":{"rendered":"<p>auf der Website von Stephan und Daniela Mertin. Wir freuen uns, dass Sie sich f\u00fcr unsere Moorschnuckenzucht interessieren und w\u00fcnschen Ihnen viel Spa\u00df beim lesen.<\/p>\n","protected":false},"author":1,"featured_media":64,"parent":0,"menu_order":0,"comment_status":"closed","ping_status":"closed","template":"","meta":[],"_links":{"self":[{"href":"http:\/\/mertin.myds.me\/wordpress\/wp-json\/wp\/v2\/pages\/60"}],"collection":[{"href":"http:\/\/mertin.myds.me\/wordpress\/wp-json\/wp\/v2\/pages"}],"about":[{"href":"http:\/\/mertin.myds.me\/wordpress\/wp-json\/wp\/v2\/types\/page"}],"author":[{"embeddable":true,"href":"http:\/\/mertin.myds.me\/wordpress\/wp-json\/wp\/v2\/users\/1"}],"replies":[{"embeddable":true,"href":"http:\/\/mertin.myds.me\/wordpress\/wp-json\/wp\/v2\/comments?post=60"}],"version-history":[{"count":5,"href":"http:\/\/mertin.myds.me\/wordpress\/wp-json\/wp\/v2\/pages\/60\/revisions"}],"predecessor-version":[{"id":92,"href":"http:\/\/mertin.myds.me\/wordpress\/wp-json\/wp\/v2\/pages\/60\/revisions\/92"}],"wp:featuredmedia":[{"embeddable":true,"href":"http:\/\/mertin.myds.me\/wordpress\/wp-json\/wp\/v2\/media\/64"}],"wp:attachment":[{"href":"http:\/\/mertin.myds.me\/wordpress\/wp-json\/wp\/v2\/media?parent=60"}],"curies":[{"name":"wp","href":"https:\/\/api.w.org\/{rel}","templated":true}]}}